{"id":107,"date":"2021-12-22T11:34:17","date_gmt":"2021-12-22T10:34:17","guid":{"rendered":"https:\/\/kristin-luks.de\/?page_id=107"},"modified":"2024-06-05T15:40:42","modified_gmt":"2024-06-05T13:40:42","slug":"107-2","status":"publish","type":"page","link":"https:\/\/kristin-luks.de\/?page_id=107","title":{"rendered":"Ablauf und Beantragung"},"content":{"rendered":"<p>[et_pb_section fb_built=&#8220;1&#8243; next_background_color=&#8220;#ffffff&#8220; _builder_version=&#8220;4.14.4&#8243; background_color_gradient_start=&#8220;rgba(255,255,255,0.5)&#8220; background_color_gradient_end=&#8220;#ffffff&#8220; background_image=&#8220;https:\/\/kristin-luks.de\/wp-content\/uploads\/2021\/12\/IMG_0495-scaled.jpg&#8220; custom_margin=&#8220;||||false&#8220; custom_padding=&#8220;0vw||62vw||false|false&#8220; bottom_divider_style=&#8220;wave2&#8243; bottom_divider_height=&#8220;10vw&#8220; animation_style=&#8220;fade&#8220; animation_duration=&#8220;2000ms&#8220; global_colors_info=&#8220;{}&#8220;][et_pb_row column_structure=&#8220;3_5,2_5&#8243; _builder_version=&#8220;4.14.4&#8243; _module_preset=&#8220;default&#8220; global_colors_info=&#8220;{}&#8220;][et_pb_column type=&#8220;3_5&#8243; _builder_version=&#8220;4.14.4&#8243; _module_preset=&#8220;default&#8220; global_colors_info=&#8220;{}&#8220;][\/et_pb_column][et_pb_column type=&#8220;2_5&#8243; _builder_version=&#8220;4.14.4&#8243; _module_preset=&#8220;default&#8220; global_colors_info=&#8220;{}&#8220;][\/et_pb_column][\/et_pb_row][\/et_pb_section][et_pb_section fb_built=&#8220;1&#8243; admin_label=&#8220;About Me&#8220; _builder_version=&#8220;3.22&#8243; custom_padding=&#8220;54px|0px|0|0px|false|false&#8220; global_colors_info=&#8220;{}&#8220;][et_pb_row column_structure=&#8220;1_4,3_4&#8243; use_custom_gutter=&#8220;on&#8220; padding_top_bottom_link_2=&#8220;true&#8220; padding_left_right_link_2=&#8220;true&#8220; _builder_version=&#8220;4.14.4&#8243; max_width=&#8220;80%&#8220; custom_margin=&#8220;|0px||&#8220; custom_margin_tablet=&#8220;|10%||10%||true&#8220; custom_margin_phone=&#8220;&#8220; custom_margin_last_edited=&#8220;on|tablet&#8220; custom_padding=&#8220;100px|0px|0|0px|false|false&#8220; use_custom_width=&#8220;on&#8220; width_unit=&#8220;off&#8220; global_colors_info=&#8220;{}&#8220;][et_pb_column type=&#8220;1_4&#8243; _builder_version=&#8220;3.25&#8243; custom_padding=&#8220;|||&#8220; global_colors_info=&#8220;{}&#8220; custom_padding__hover=&#8220;|||&#8220;][et_pb_image src=&#8220;https:\/\/kristin-luks.de\/wp-content\/uploads\/2021\/12\/LBP4281_300-scaled.jpg&#8220; title_text=&#8220;_LBP4281_300&#8243; align_tablet=&#8220;center&#8220; align_phone=&#8220;center&#8220; align_last_edited=&#8220;on|desktop&#8220; disabled_on=&#8220;on|off|off&#8220; _builder_version=&#8220;4.14.4&#8243; width=&#8220;118.5%&#8220; custom_margin=&#8220;-60px|-30.2%||||&#8220; custom_margin_tablet=&#8220;|0%||&#8220; custom_margin_phone=&#8220;&#8220; custom_margin_last_edited=&#8220;on|tablet&#8220; animation_style=&#8220;slide&#8220; animation_direction=&#8220;right&#8220; animation_intensity_slide=&#8220;5%&#8220; global_colors_info=&#8220;{}&#8220;][\/et_pb_image][\/et_pb_column][et_pb_column type=&#8220;3_4&#8243; _builder_version=&#8220;3.25&#8243; background_color=&#8220;#f7f9fc&#8220; custom_padding=&#8220;40px|60px|40px|60px&#8220; custom_padding_tablet=&#8220;40px|60px|40px|60px&#8220; custom_padding_phone=&#8220;|40px||40px||true&#8220; custom_padding_last_edited=&#8220;on|phone&#8220; global_colors_info=&#8220;{}&#8220; padding_phone=&#8220;|40px||40px||true&#8220; padding_last_edited=&#8220;on|phone&#8220; custom_padding__hover=&#8220;|||&#8220;][et_pb_text _builder_version=&#8220;4.14.4&#8243; text_font=&#8220;||||||||&#8220; text_font_size=&#8220;16px&#8220; text_line_height=&#8220;2em&#8220; header_font=&#8220;||||||||&#8220; header_2_font=&#8220;Montserrat|300|||||||&#8220; header_2_font_size=&#8220;40px&#8220; header_2_line_height=&#8220;1.4em&#8220; header_5_font=&#8220;||||||||&#8220; header_5_text_color=&#8220;#7f8dff&#8220; header_5_line_height=&#8220;2em&#8220; max_width=&#8220;697px&#8220; custom_margin=&#8220;-99px|||||&#8220; header_2_font_size_tablet=&#8220;&#8220; header_2_font_size_phone=&#8220;30px&#8220; header_2_font_size_last_edited=&#8220;on|phone&#8220; locked=&#8220;off&#8220; global_colors_info=&#8220;{}&#8220;]<\/p>\n<h1><strong>1. Telefonische Anmeldung<\/strong><\/h1>\n<h4>(kurze Problemschilderung und Anliegen)<\/h4>\n<h5><\/h5>\n<h6><\/h6>\n<h4><strong>Sekretariat<\/strong><\/h4>\n<h4>Frau Schmitz: 04241 6079425<\/h4>\n<h4>montags und freitags:\u00a0 10 Uhr &#8211; 11.40 Uhr<\/h4>\n<h6><\/h6>\n<p>&nbsp;<\/p>\n<p>[\/et_pb_text][et_pb_button button_url=&#8220;https:\/\/kristin-luks.de\/?page_id=123&#8243; button_text=&#8220;Kontakt&#8220; button_alignment=&#8220;center&#8220; _builder_version=&#8220;4.14.4&#8243; custom_button=&#8220;on&#8220; button_text_size=&#8220;14px&#8220; button_text_color=&#8220;#ffffff&#8220; button_bg_color=&#8220;#7f8dff&#8220; button_border_color=&#8220;rgba(0,0,0,0)&#8220; button_border_radius=&#8220;100px&#8220; button_letter_spacing=&#8220;2px&#8220; button_font=&#8220;Montserrat|||on|||||&#8220; custom_margin=&#8220;||-60px|&#8220; custom_padding=&#8220;16px|30px|16px|30px|true|true&#8220; box_shadow_style=&#8220;preset3&#8243; box_shadow_color=&#8220;rgba(127,141,255,0.4)&#8220; button_letter_spacing_hover=&#8220;2px&#8220; locked=&#8220;off&#8220; global_colors_info=&#8220;{}&#8220; button_text_size__hover_enabled=&#8220;off&#8220; button_one_text_size__hover_enabled=&#8220;off&#8220; button_two_text_size__hover_enabled=&#8220;off&#8220; button_text_color__hover_enabled=&#8220;off&#8220; button_one_text_color__hover_enabled=&#8220;off&#8220; button_two_text_color__hover_enabled=&#8220;off&#8220; button_border_width__hover_enabled=&#8220;off&#8220; button_one_border_width__hover_enabled=&#8220;off&#8220; button_two_border_width__hover_enabled=&#8220;off&#8220; button_border_color__hover_enabled=&#8220;off&#8220; button_one_border_color__hover_enabled=&#8220;off&#8220; button_two_border_color__hover_enabled=&#8220;off&#8220; button_border_radius__hover_enabled=&#8220;off&#8220; button_one_border_radius__hover_enabled=&#8220;off&#8220; button_two_border_radius__hover_enabled=&#8220;off&#8220; button_letter_spacing__hover_enabled=&#8220;on&#8220; button_letter_spacing__hover=&#8220;2px&#8220; button_one_letter_spacing__hover_enabled=&#8220;off&#8220; button_two_letter_spacing__hover_enabled=&#8220;off&#8220; button_bg_color__hover_enabled=&#8220;off&#8220; button_one_bg_color__hover_enabled=&#8220;off&#8220; button_two_bg_color__hover_enabled=&#8220;off&#8220;][\/et_pb_button][\/et_pb_column][\/et_pb_row][\/et_pb_section][et_pb_section fb_built=&#8220;1&#8243; admin_label=&#8220;Services&#8220; _builder_version=&#8220;3.22&#8243; use_background_color_gradient=&#8220;on&#8220; background_color_gradient_start=&#8220;rgba(255,255,255,0)&#8220; background_color_gradient_end=&#8220;#ffffff&#8220; background_color_gradient_type=&#8220;radial&#8220; background_color_gradient_start_position=&#8220;67%&#8220; background_color_gradient_overlays_image=&#8220;on&#8220; background_image=&#8220;https:\/\/kristin-luks.de\/wp-content\/uploads\/2021\/12\/therapist-06j.png&#8220; custom_margin=&#8220;||-48px|||&#8220; custom_padding=&#8220;12vw||10vw||false|false&#8220; global_colors_info=&#8220;{}&#8220;][et_pb_row _builder_version=&#8220;3.25&#8243; global_colors_info=&#8220;{}&#8220;][et_pb_column type=&#8220;4_4&#8243; _builder_version=&#8220;3.25&#8243; custom_padding=&#8220;|||&#8220; global_colors_info=&#8220;{}&#8220; custom_padding__hover=&#8220;|||&#8220;][et_pb_text _builder_version=&#8220;4.14.4&#8243; text_font=&#8220;||||||||&#8220; text_font_size=&#8220;16px&#8220; text_line_height=&#8220;2em&#8220; header_font=&#8220;||||||||&#8220; header_2_font=&#8220;Montserrat|300|||||||&#8220; header_2_font_size=&#8220;40px&#8220; header_2_line_height=&#8220;1.4em&#8220; header_5_font=&#8220;||||||||&#8220; header_5_text_color=&#8220;#7f8dff&#8220; header_5_line_height=&#8220;2em&#8220; text_orientation=&#8220;center&#8220; max_width=&#8220;700px&#8220; module_alignment=&#8220;center&#8220; header_2_font_size_tablet=&#8220;&#8220; header_2_font_size_phone=&#8220;30px&#8220; header_2_font_size_last_edited=&#8220;on|phone&#8220; locked=&#8220;off&#8220; global_colors_info=&#8220;{}&#8220;]<\/p>\n<h1><strong>2. Erstgespr\u00e4ch vereinbaren<\/strong><\/h1>\n<h4>(Kennenlernen und Fahrplan \u00fcberlegen)<\/h4>\n<p>[\/et_pb_text][\/et_pb_column][\/et_pb_row][et_pb_row column_structure=&#8220;1_2,1_2&#8243; _builder_version=&#8220;3.25&#8243; custom_padding=&#8220;27px|0px|27px|0px|false|false&#8220; global_colors_info=&#8220;{}&#8220;][et_pb_column type=&#8220;1_2&#8243; _builder_version=&#8220;3.25&#8243; custom_padding=&#8220;|||&#8220; global_colors_info=&#8220;{}&#8220; custom_padding__hover=&#8220;|||&#8220;][et_pb_image src=&#8220;https:\/\/kristin-luks.de\/wp-content\/uploads\/2023\/08\/IMG_6776.jpg&#8220; title_text=&#8220;IMG_6776&#8243; _builder_version=&#8220;4.14.4&#8243; _module_preset=&#8220;default&#8220; global_colors_info=&#8220;{}&#8220;][\/et_pb_image][\/et_pb_column][et_pb_column type=&#8220;1_2&#8243; _builder_version=&#8220;3.25&#8243; custom_padding=&#8220;80px|||&#8220; custom_padding_tablet=&#8220;0px|||&#8220; custom_padding_phone=&#8220;0px|||&#8220; custom_padding_last_edited=&#8220;on|tablet&#8220; global_colors_info=&#8220;{}&#8220; padding_tablet=&#8220;0px|||&#8220; padding_last_edited=&#8220;on|tablet&#8220; custom_padding__hover=&#8220;|||&#8220; padding_phone=&#8220;0px|||&#8220;][et_pb_text _builder_version=&#8220;4.14.4&#8243; text_font=&#8220;||||||||&#8220; text_font_size=&#8220;16px&#8220; text_line_height=&#8220;2em&#8220; header_font=&#8220;||||||||&#8220; header_2_font=&#8220;||||||||&#8220; header_3_font=&#8220;Montserrat||||||||&#8220; header_3_line_height=&#8220;1.4em&#8220; header_5_font=&#8220;||||||||&#8220; header_5_text_color=&#8220;#7f8dff&#8220; header_5_line_height=&#8220;2em&#8220; max_width=&#8220;700px&#8220; header_2_font_size_phone=&#8220;30px&#8220; header_2_font_size_last_edited=&#8220;off|desktop&#8220; locked=&#8220;off&#8220; global_colors_info=&#8220;{}&#8220;]<\/p>\n<h3>Unterlagen f\u00fcr das Erstgespr\u00e4ch:<\/h3>\n<ul>\n<li>Krankenkassenkarte (Kind)<\/li>\n<li>Vorsorgeheft &amp; Impfpass<\/li>\n<li>Schulzeugnisse<\/li>\n<li>Berichte von Kindergarten\/ Schule<\/li>\n<li>Berichte des Jugendamtes<\/li>\n<li>Berichte von \u00c4rzten, Psychotherapeuten, Ergotherapeuten, Logop\u00e4den<\/li>\n<li>Klinikbericht<\/li>\n<li>Bericht \u00fcber Seh- und H\u00f6rtest (vom P\u00c4D-Audiologen)<\/li>\n<li>Bericht \u00fcber Teilleistungsschw\u00e4che<\/li>\n<\/ul>\n<p>[\/et_pb_text][\/et_pb_column][\/et_pb_row][\/et_pb_section][et_pb_section fb_built=&#8220;1&#8243; custom_padding_last_edited=&#8220;on|tablet&#8220; admin_label=&#8220;Services&#8220; _builder_version=&#8220;4.14.4&#8243; use_background_color_gradient=&#8220;on&#8220; background_color_gradient_start=&#8220;rgba(255,255,255,0)&#8220; background_color_gradient_end=&#8220;#ffffff&#8220; background_color_gradient_type=&#8220;radial&#8220; background_color_gradient_start_position=&#8220;67%&#8220; background_color_gradient_overlays_image=&#8220;on&#8220; background_image=&#8220;https:\/\/kristin-luks.de\/wp-content\/uploads\/2021\/12\/therapist-11.png&#8220; background_size=&#8220;initial&#8220; min_height=&#8220;966px&#8220; custom_margin=&#8220;||-220px|||&#8220; custom_padding=&#8220;0px|0px|0px|0px|true|false&#8220; custom_padding_tablet=&#8220;40px||40px||true&#8220; custom_padding_phone=&#8220;&#8220; global_colors_info=&#8220;{}&#8220;][et_pb_row column_structure=&#8220;1_2,1_2&#8243; _builder_version=&#8220;3.25&#8243; min_height=&#8220;919px&#8220; global_colors_info=&#8220;{}&#8220;][et_pb_column type=&#8220;1_2&#8243; _builder_version=&#8220;3.25&#8243; custom_padding=&#8220;40px|||&#8220; custom_padding_tablet=&#8220;0px|||&#8220; custom_padding_phone=&#8220;0px|||&#8220; custom_padding_last_edited=&#8220;on|tablet&#8220; global_colors_info=&#8220;{}&#8220; padding_tablet=&#8220;0px|||&#8220; padding_last_edited=&#8220;on|tablet&#8220; custom_padding__hover=&#8220;|||&#8220; padding_phone=&#8220;0px|||&#8220;][et_pb_text _builder_version=&#8220;4.14.4&#8243; _module_preset=&#8220;default&#8220; custom_margin=&#8220;-39px|||||&#8220; global_colors_info=&#8220;{}&#8220;]<\/p>\n<h1><strong>3. Probatorik &amp; Kosten\u00fcbernahme <\/strong><\/h1>\n<h4>(Diagnostik &amp; Kennenlernen)<\/h4>\n<p>[\/et_pb_text][et_pb_text _builder_version=&#8220;4.14.4&#8243; text_font=&#8220;||||||||&#8220; text_font_size=&#8220;16px&#8220; text_line_height=&#8220;2em&#8220; header_font=&#8220;||||||||&#8220; header_2_font=&#8220;||||||||&#8220; header_3_font=&#8220;Montserrat||||||||&#8220; header_3_line_height=&#8220;1.4em&#8220; header_5_font=&#8220;||||||||&#8220; header_5_text_color=&#8220;#7f8dff&#8220; header_5_line_height=&#8220;2em&#8220; max_width=&#8220;808px&#8220; custom_padding=&#8220;1px|||||&#8220; header_2_font_size_phone=&#8220;30px&#8220; header_2_font_size_last_edited=&#8220;off|desktop&#8220; locked=&#8220;off&#8220; global_colors_info=&#8220;{}&#8220;]<\/p>\n<ul>\n<li>Die Praxisinhaberin Frau Luks ist im Arztregister der KV Verden eingetragen und besitzt eine Kassenzulassung f\u00fcr die Behandlung von Kindern und Jugendlichen bis 21 Jahre (sowie deren Bezugspersonen).<\/li>\n<li>Psychotherapeutische Sprechstunden und Probatorische Sitzungen werden \u00fcber die KV abgerechnet.<\/li>\n<li>Privatpatienten: Bitte bei der eigenen Versicherung und Beihilfe erfragen. Abrechnung \u00fcber GOP und PVS (siehe unten).<\/li>\n<\/ul>\n<p>&nbsp;<\/p>\n<p>[\/et_pb_text][\/et_pb_column][et_pb_column type=&#8220;1_2&#8243; _builder_version=&#8220;4.14.4&#8243; _module_preset=&#8220;default&#8220; global_colors_info=&#8220;{}&#8220;][et_pb_image src=&#8220;https:\/\/kristin-luks.de\/wp-content\/uploads\/2023\/08\/IMG_7648.jpg&#8220; title_text=&#8220;IMG_7648&#8243; _builder_version=&#8220;4.14.4&#8243; _module_preset=&#8220;default&#8220; custom_padding=&#8220;0px|||||&#8220; global_colors_info=&#8220;{}&#8220;][\/et_pb_image][\/et_pb_column][\/et_pb_row][\/et_pb_section][et_pb_section fb_built=&#8220;1&#8243; custom_padding_last_edited=&#8220;on|tablet&#8220; admin_label=&#8220;How it Works&#8220; _builder_version=&#8220;4.14.4&#8243; background_enable_image=&#8220;off&#8220; background_size=&#8220;contain&#8220; background_position=&#8220;center_left&#8220; custom_padding=&#8220;0px|0px|0px|0px|true|false&#8220; custom_padding_tablet=&#8220;40px||40px||true&#8220; custom_padding_phone=&#8220;&#8220; global_colors_info=&#8220;{}&#8220;][et_pb_row _builder_version=&#8220;3.25&#8243; custom_padding=&#8220;||95px|||&#8220; global_colors_info=&#8220;{}&#8220;][et_pb_column type=&#8220;4_4&#8243; _builder_version=&#8220;3.25&#8243; custom_padding=&#8220;|||&#8220; global_colors_info=&#8220;{}&#8220; custom_padding__hover=&#8220;|||&#8220;][et_pb_text _builder_version=&#8220;4.14.4&#8243; text_font=&#8220;||||||||&#8220; text_font_size=&#8220;16px&#8220; text_line_height=&#8220;2em&#8220; header_font=&#8220;||||||||&#8220; header_2_font=&#8220;Montserrat|300|||||||&#8220; header_2_font_size=&#8220;40px&#8220; header_2_line_height=&#8220;1.4em&#8220; header_5_font=&#8220;||||||||&#8220; header_5_text_color=&#8220;#7f8dff&#8220; header_5_line_height=&#8220;2em&#8220; text_orientation=&#8220;center&#8220; max_width=&#8220;700px&#8220; module_alignment=&#8220;center&#8220; min_height=&#8220;110px&#8220; custom_margin=&#8220;||7px|||&#8220; custom_padding=&#8220;40px||0px|3px||&#8220; header_2_font_size_tablet=&#8220;&#8220; header_2_font_size_phone=&#8220;30px&#8220; header_2_font_size_last_edited=&#8220;on|phone&#8220; locked=&#8220;off&#8220; global_colors_info=&#8220;{}&#8220;]<\/p>\n<h1 style=\"text-align: center;\"><strong>4.Therapieantrag<\/strong><\/h1>\n<p><strong><\/strong><\/p>\n<p><strong><\/strong><\/p>\n<p><strong><\/strong><\/p>\n<p><strong><\/strong><\/p>\n<p><strong><\/strong><\/p>\n<p>[\/et_pb_text][et_pb_blurb title=&#8220;Gesetzlich Versicherte&#8220; image_icon_width=&#8220;64px&#8220; _builder_version=&#8220;4.14.4&#8243; header_font=&#8220;Montserrat|500|||||||&#8220; body_font=&#8220;||||||||&#8220; body_line_height=&#8220;2em&#8220; text_orientation=&#8220;center&#8220; custom_margin=&#8220;-23px|||||&#8220; custom_padding=&#8220;0px|||||&#8220; animation_style=&#8220;fade&#8220; animation=&#8220;off&#8220; icon_font_size=&#8220;64px&#8220; global_colors_info=&#8220;{}&#8220;]<\/p>\n<ul>\n<li style=\"text-align: left;\">Formulare f\u00fcr Therapieantrag mit Therapeutin ausf\u00fcllen<\/li>\n<li style=\"text-align: left;\">Antrag auf Psychotherapie bei Ihrer gesetzlichen Krankenkasse<\/li>\n<li style=\"text-align: left;\">Genehmigung durch die Krankenkasse<\/li>\n<\/ul>\n<p>[\/et_pb_blurb][et_pb_blurb title=&#8220;Privatpatienten&#8220; image_icon_width=&#8220;64px&#8220; _builder_version=&#8220;4.14.4&#8243; header_font=&#8220;Montserrat|500|||||||&#8220; body_font=&#8220;||||||||&#8220; body_line_height=&#8220;2em&#8220; text_orientation=&#8220;center&#8220; animation_style=&#8220;fade&#8220; animation_delay=&#8220;200ms&#8220; animation=&#8220;off&#8220; icon_font_size=&#8220;64px&#8220; locked=&#8220;off&#8220; global_colors_info=&#8220;{}&#8220;]<\/p>\n<ul>\n<li style=\"text-align: left;\">Die Rechnungsstellung bei Privatversicherten erfolgt gem\u00e4\u00df der Geb\u00fchrenordnung f\u00fcr Psychotherapeuten (GOP)<\/li>\n<li style=\"text-align: left;\">Die Abrechnung erfolgt \u00fcber die Privatverrechnungsstelle der \u00c4rzte (PVS)<\/li>\n<\/ul>\n<p>[\/et_pb_blurb][\/et_pb_column][\/et_pb_row][\/et_pb_section]<\/p>\n","protected":false},"excerpt":{"rendered":"<p>1. Telefonische Anmeldung (kurze Problemschilderung und Anliegen) Sekretariat Frau Schmitz: 04241 6079425 montags und freitags:\u00a0 10 Uhr &#8211; 11.40 Uhr &nbsp;2. Erstgespr\u00e4ch vereinbaren (Kennenlernen und Fahrplan \u00fcberlegen)Unterlagen f\u00fcr das Erstgespr\u00e4ch: Krankenkassenkarte (Kind) Vorsorgeheft &amp; Impfpass Schulzeugnisse Berichte von Kindergarten\/ Schule Berichte des Jugendamtes Berichte von \u00c4rzten, Psychotherapeuten, Ergotherapeuten, Logop\u00e4den Klinikbericht Bericht \u00fcber Seh- und H\u00f6rtest [&hellip;]<\/p>\n","protected":false},"author":1,"featured_media":0,"parent":0,"menu_order":0,"comment_status":"closed","ping_status":"closed","template":"","meta":{"_et_pb_use_builder":"on","_et_pb_old_content":"","_et_gb_content_width":"","footnotes":""},"class_list":["post-107","page","type-page","status-publish","hentry"],"_links":{"self":[{"href":"https:\/\/kristin-luks.de\/index.php?rest_route=\/wp\/v2\/pages\/107","targetHints":{"allow":["GET"]}}],"collection":[{"href":"https:\/\/kristin-luks.de\/index.php?rest_route=\/wp\/v2\/pages"}],"about":[{"href":"https:\/\/kristin-luks.de\/index.php?rest_route=\/wp\/v2\/types\/page"}],"author":[{"embeddable":true,"href":"https:\/\/kristin-luks.de\/index.php?rest_route=\/wp\/v2\/users\/1"}],"replies":[{"embeddable":true,"href":"https:\/\/kristin-luks.de\/index.php?rest_route=%2Fwp%2Fv2%2Fcomments&post=107"}],"version-history":[{"count":33,"href":"https:\/\/kristin-luks.de\/index.php?rest_route=\/wp\/v2\/pages\/107\/revisions"}],"predecessor-version":[{"id":742,"href":"https:\/\/kristin-luks.de\/index.php?rest_route=\/wp\/v2\/pages\/107\/revisions\/742"}],"wp:attachment":[{"href":"https:\/\/kristin-luks.de\/index.php?rest_route=%2Fwp%2Fv2%2Fmedia&parent=107"}],"curies":[{"name":"wp","href":"https:\/\/api.w.org\/{rel}","templated":true}]}}