{"id":141,"date":"2021-12-22T15:52:45","date_gmt":"2021-12-22T14:52:45","guid":{"rendered":"https:\/\/kristin-luks.de\/?page_id=141"},"modified":"2024-07-22T21:23:12","modified_gmt":"2024-07-22T19:23:12","slug":"141-2","status":"publish","type":"page","link":"https:\/\/kristin-luks.de\/?page_id=141","title":{"rendered":"Kooperationspartner"},"content":{"rendered":"<p>[et_pb_section fb_built=&#8220;1&#8243; next_background_color=&#8220;#ffffff&#8220; _builder_version=&#8220;4.14.4&#8243; background_color_gradient_start=&#8220;rgba(255,227,208,0.7)&#8220; background_color_gradient_end=&#8220;rgba(255,227,208,0.3)&#8220; background_image=&#8220;https:\/\/kristin-luks.de\/wp-content\/uploads\/2021\/12\/IMG_05431-scaled.jpg&#8220; custom_margin=&#8220;||||false&#8220; custom_padding=&#8220;0vw||40vw||false|false&#8220; bottom_divider_style=&#8220;wave2&#8243; bottom_divider_height=&#8220;10vw&#8220; animation_style=&#8220;fade&#8220; animation_duration=&#8220;2000ms&#8220; global_colors_info=&#8220;{}&#8220;][\/et_pb_section][et_pb_section fb_built=&#8220;1&#8243; admin_label=&#8220;What I Do&#8220; _builder_version=&#8220;3.22&#8243; custom_margin=&#8220;9px|||||&#8220; custom_padding=&#8220;54px|0px|0|0px|false|false&#8220; global_colors_info=&#8220;{}&#8220;][et_pb_row _builder_version=&#8220;3.25&#8243; global_colors_info=&#8220;{}&#8220;][et_pb_column type=&#8220;4_4&#8243; _builder_version=&#8220;3.25&#8243; custom_padding=&#8220;|||&#8220; global_colors_info=&#8220;{}&#8220; custom_padding__hover=&#8220;|||&#8220;][et_pb_text _builder_version=&#8220;4.14.4&#8243; text_font=&#8220;||||||||&#8220; text_font_size=&#8220;16px&#8220; text_line_height=&#8220;2em&#8220; header_font=&#8220;||||||||&#8220; header_2_font=&#8220;Montserrat|300|||||||&#8220; header_2_font_size=&#8220;40px&#8220; header_2_line_height=&#8220;1.4em&#8220; header_5_font=&#8220;||||||||&#8220; header_5_text_color=&#8220;#7f8dff&#8220; header_5_line_height=&#8220;2em&#8220; text_orientation=&#8220;center&#8220; max_width=&#8220;700px&#8220; module_alignment=&#8220;center&#8220; header_font_size_tablet=&#8220;&#8220; header_font_size_phone=&#8220;27px&#8220; header_font_size_last_edited=&#8220;on|phone&#8220; header_2_font_size_tablet=&#8220;&#8220; header_2_font_size_phone=&#8220;30px&#8220; header_2_font_size_last_edited=&#8220;on|phone&#8220; locked=&#8220;off&#8220; global_colors_info=&#8220;{}&#8220;]<\/p>\n<h1><strong>Praktikum f\u00fcr Studierende<\/strong><strong>\u00a0<\/strong><strong><\/strong><\/h1>\n<p>Du studierst Psychologie (Psychotherapie)?<\/p>\n<p>[\/et_pb_text][\/et_pb_column][\/et_pb_row][\/et_pb_section][et_pb_section fb_built=&#8220;1&#8243; admin_label=&#8220;My Experience&#8220; _builder_version=&#8220;3.22&#8243; global_colors_info=&#8220;{}&#8220;][et_pb_row column_structure=&#8220;1_2,1_2&#8243; _builder_version=&#8220;3.25&#8243; hover_enabled=&#8220;0&#8243; global_colors_info=&#8220;{}&#8220; sticky_enabled=&#8220;0&#8243; custom_margin=&#8220;-73px|auto||auto||&#8220;][et_pb_column type=&#8220;1_2&#8243; _builder_version=&#8220;3.25&#8243; custom_padding=&#8220;|||&#8220; custom_padding_tablet=&#8220;0px|||&#8220; custom_padding_last_edited=&#8220;off|desktop&#8220; global_colors_info=&#8220;{}&#8220; padding_tablet=&#8220;0px|||&#8220; padding_last_edited=&#8220;off|desktop&#8220; custom_padding__hover=&#8220;|||&#8220;][et_pb_text _builder_version=&#8220;4.14.4&#8243; text_font=&#8220;||||||||&#8220; text_font_size=&#8220;16px&#8220; text_line_height=&#8220;2em&#8220; header_font=&#8220;||||||||&#8220; header_2_font=&#8220;||||||||&#8220; header_3_font=&#8220;Montserrat||||||||&#8220; header_3_line_height=&#8220;1.4em&#8220; header_5_font=&#8220;||||||||&#8220; header_5_text_color=&#8220;#7f8dff&#8220; header_5_line_height=&#8220;2em&#8220; max_width=&#8220;700px&#8220; header_2_font_size_phone=&#8220;30px&#8220; header_2_font_size_last_edited=&#8220;off|desktop&#8220; locked=&#8220;off&#8220; global_colors_info=&#8220;{}&#8220;]<\/p>\n<h2><\/h2>\n<h4><\/h4>\n<h4><strong>Aufgabenbereiche:<\/strong><\/h4>\n<ul>\n<li>Begr\u00fc\u00dfung von Familien<\/li>\n<li>nach Absprache Teilnahme an Gruppentherapien &amp; Einzeltherapien<\/li>\n<li>Mitarbeit bei der Praxisorganisation und Verwaltung<\/li>\n<li>Teilnahme an Teamsitzungen<\/li>\n<li>Recherchearbeit<\/li>\n<\/ul>\n<p>&nbsp;<\/p>\n<h4><strong>ich biete au\u00dferdem:<\/strong><\/h4>\n<ul>\n<li>Gutes Arbeitsklima &amp; Freir\u00e4ume<\/li>\n<li>Anleitung bei therapeutischen Aufgaben<\/li>\n<li>Unterst\u00fctzung &amp; Ansprechpartnerin<\/li>\n<\/ul>\n<p>[\/et_pb_text][et_pb_image src=&#8220;https:\/\/kristin-luks.de\/wp-content\/uploads\/2024\/06\/IMG_3244.jpg&#8220; title_text=&#8220;IMG_3244&#8243; _builder_version=&#8220;4.14.4&#8243; _module_preset=&#8220;default&#8220; global_colors_info=&#8220;{}&#8220;][\/et_pb_image][\/et_pb_column][et_pb_column type=&#8220;1_2&#8243; _builder_version=&#8220;3.25&#8243; custom_padding=&#8220;|||&#8220; custom_padding_tablet=&#8220;0px|||&#8220; custom_padding_last_edited=&#8220;off|desktop&#8220; global_colors_info=&#8220;{}&#8220; padding_tablet=&#8220;0px|||&#8220; padding_last_edited=&#8220;off|desktop&#8220; custom_padding__hover=&#8220;|||&#8220;][et_pb_text ul_position=&#8220;inside&#8220; _builder_version=&#8220;4.14.4&#8243; text_font=&#8220;||||||||&#8220; text_font_size=&#8220;16px&#8220; text_line_height=&#8220;2em&#8220; ul_font=&#8220;||||||||&#8220; ul_line_height=&#8220;2em&#8220; ol_font=&#8220;||||||||&#8220; header_font=&#8220;||||||||&#8220; header_2_font=&#8220;||||||||&#8220; header_3_font=&#8220;Montserrat||||||||&#8220; header_3_line_height=&#8220;1.4em&#8220; header_4_font=&#8220;Montserrat||||||||&#8220; header_4_line_height=&#8220;1.8em&#8220; header_5_font=&#8220;||||||||&#8220; header_5_text_color=&#8220;#7f8dff&#8220; header_5_line_height=&#8220;2em&#8220; max_width=&#8220;700px&#8220; header_2_font_size_phone=&#8220;30px&#8220; header_2_font_size_last_edited=&#8220;off|desktop&#8220; locked=&#8220;off&#8220; global_colors_info=&#8220;{}&#8220;]<\/p>\n<p>&nbsp;<\/p>\n<p>Bei Interesse freue ich mich \u00fcber eine Mail (<a href=\"about:blank\">kristin.luks7@gmail.com<\/a>) mit Anschreiben, Lebenslauf und Praktikumsinteressen. Ich bitte zudem um die Angabe m\u00f6glicher Zeitr\u00e4ume und der gew\u00fcnschten Dauer des Praktikums.<\/p>\n<p>&nbsp;<\/p>\n<p>Liebe Gr\u00fc\u00dfe<\/p>\n<p>Lena Kristin Luks<\/p>\n<p>[\/et_pb_text][et_pb_image src=&#8220;https:\/\/kristin-luks.de\/wp-content\/uploads\/2024\/06\/IMG_3240.jpg&#8220; title_text=&#8220;IMG_3240&#8243; _builder_version=&#8220;4.14.4&#8243; _module_preset=&#8220;default&#8220; global_colors_info=&#8220;{}&#8220;][\/et_pb_image][et_pb_image src=&#8220;https:\/\/kristin-luks.de\/wp-content\/uploads\/2024\/06\/IMG_3186.jpg&#8220; title_text=&#8220;IMG_3186&#8243; _builder_version=&#8220;4.14.4&#8243; _module_preset=&#8220;default&#8220; global_colors_info=&#8220;{}&#8220;][\/et_pb_image][\/et_pb_column][\/et_pb_row][\/et_pb_section]<\/p>\n","protected":false},"excerpt":{"rendered":"<p>Praktikum f\u00fcr Studierende\u00a0 Du studierst Psychologie (Psychotherapie)? Aufgabenbereiche: Begr\u00fc\u00dfung von Familien nach Absprache Teilnahme an Gruppentherapien &amp; Einzeltherapien Mitarbeit bei der Praxisorganisation und Verwaltung Teilnahme an Teamsitzungen Recherchearbeit &nbsp; ich biete au\u00dferdem: Gutes Arbeitsklima &amp; Freir\u00e4ume Anleitung bei therapeutischen Aufgaben Unterst\u00fctzung &amp; Ansprechpartnerin &nbsp; Bei Interesse freue ich mich \u00fcber eine Mail (kristin.luks7@gmail.com) mit Anschreiben, [&hellip;]<\/p>\n","protected":false},"author":1,"featured_media":0,"parent":0,"menu_order":0,"comment_status":"closed","ping_status":"closed","template":"","meta":{"_et_pb_use_builder":"on","_et_pb_old_content":"","_et_gb_content_width":"","footnotes":""},"class_list":["post-141","page","type-page","status-publish","hentry"],"_links":{"self":[{"href":"https:\/\/kristin-luks.de\/index.php?rest_route=\/wp\/v2\/pages\/141","targetHints":{"allow":["GET"]}}],"collection":[{"href":"https:\/\/kristin-luks.de\/index.php?rest_route=\/wp\/v2\/pages"}],"about":[{"href":"https:\/\/kristin-luks.de\/index.php?rest_route=\/wp\/v2\/types\/page"}],"author":[{"embeddable":true,"href":"https:\/\/kristin-luks.de\/index.php?rest_route=\/wp\/v2\/users\/1"}],"replies":[{"embeddable":true,"href":"https:\/\/kristin-luks.de\/index.php?rest_route=%2Fwp%2Fv2%2Fcomments&post=141"}],"version-history":[{"count":15,"href":"https:\/\/kristin-luks.de\/index.php?rest_route=\/wp\/v2\/pages\/141\/revisions"}],"predecessor-version":[{"id":792,"href":"https:\/\/kristin-luks.de\/index.php?rest_route=\/wp\/v2\/pages\/141\/revisions\/792"}],"wp:attachment":[{"href":"https:\/\/kristin-luks.de\/index.php?rest_route=%2Fwp%2Fv2%2Fmedia&parent=141"}],"curies":[{"name":"wp","href":"https:\/\/api.w.org\/{rel}","templated":true}]}}