{"id":38,"date":"2021-12-20T20:09:00","date_gmt":"2021-12-20T19:09:00","guid":{"rendered":"https:\/\/kristin-luks.de\/?page_id=38"},"modified":"2024-06-27T15:12:33","modified_gmt":"2024-06-27T13:12:33","slug":"38-2","status":"publish","type":"page","link":"https:\/\/kristin-luks.de\/?page_id=38","title":{"rendered":"\u00dcber mich"},"content":{"rendered":"<p>[et_pb_section fb_built=&#8220;1&#8243; next_background_color=&#8220;#ffffff&#8220; _builder_version=&#8220;4.14.4&#8243; use_background_color_gradient=&#8220;on&#8220; background_color_gradient_start=&#8220;rgba(255,227,208,0.7)&#8220; background_color_gradient_end=&#8220;rgba(255,227,208,0.3)&#8220; background_color_gradient_type=&#8220;radial&#8220; background_color_gradient_direction_radial=&#8220;top left&#8220; background_color_gradient_start_position=&#8220;50%&#8220; background_color_gradient_overlays_image=&#8220;on&#8220; background_image=&#8220;https:\/\/kristin-luks.de\/wp-content\/uploads\/2021\/12\/IMG_6876-scaled.jpg&#8220; background_position=&#8220;top_center&#8220; background_blend=&#8220;overlay&#8220; position_origin_r=&#8220;bottom_left&#8220; min_height=&#8220;257px&#8220; custom_margin=&#8220;||||false&#8220; custom_padding=&#8220;0vw||40vw||false|false&#8220; bottom_divider_style=&#8220;wave2&#8243; bottom_divider_height=&#8220;10vw&#8220; animation_style=&#8220;fade&#8220; background_last_edited=&#8220;off|desktop&#8220; global_colors_info=&#8220;{}&#8220;][\/et_pb_section][et_pb_section fb_built=&#8220;1&#8243; admin_label=&#8220;About Me&#8220; _builder_version=&#8220;3.22&#8243; min_height=&#8220;870.9px&#8220; global_colors_info=&#8220;{}&#8220;][et_pb_row column_structure=&#8220;1_3,1_3,1_3&#8243; use_custom_gutter=&#8220;on&#8220; padding_top_bottom_link_2=&#8220;true&#8220; padding_left_right_link_2=&#8220;true&#8220; _builder_version=&#8220;4.14.4&#8243; max_width=&#8220;80%&#8220; custom_margin=&#8220;|0px||&#8220; custom_margin_tablet=&#8220;|14.4%||14.4%||true&#8220; custom_margin_phone=&#8220;&#8220; custom_margin_last_edited=&#8220;on|tablet&#8220; custom_padding=&#8220;0px|0px|0|0px|false|false&#8220; use_custom_width=&#8220;on&#8220; width_unit=&#8220;off&#8220; global_colors_info=&#8220;{}&#8220;][et_pb_column type=&#8220;1_3&#8243; _builder_version=&#8220;3.25&#8243; custom_padding=&#8220;|||&#8220; global_colors_info=&#8220;{}&#8220; custom_padding__hover=&#8220;|||&#8220;][et_pb_image src=&#8220;https:\/\/kristin-luks.de\/wp-content\/uploads\/2022\/09\/IMG_3257.jpg&#8220; title_text=&#8220;IMG_3257&#8243; _builder_version=&#8220;4.14.4&#8243; _module_preset=&#8220;default&#8220; width=&#8220;100%&#8220; min_height=&#8220;462.7px&#8220; custom_margin=&#8220;16px||-162px|||&#8220; custom_padding=&#8220;0px|0px|107px|54px||&#8220; global_colors_info=&#8220;{}&#8220;][\/et_pb_image][\/et_pb_column][et_pb_column type=&#8220;1_3&#8243; _builder_version=&#8220;3.25&#8243; background_color=&#8220;#f7f9fc&#8220; custom_padding=&#8220;40px|60px|40px|60px&#8220; custom_padding_tablet=&#8220;40px|60px|40px|60px&#8220; custom_padding_phone=&#8220;|40px||40px||true&#8220; custom_padding_last_edited=&#8220;on|phone&#8220; global_colors_info=&#8220;{}&#8220; padding_phone=&#8220;|40px||40px||true&#8220; padding_last_edited=&#8220;on|phone&#8220; custom_padding__hover=&#8220;|||&#8220;][et_pb_text _builder_version=&#8220;4.14.4&#8243; text_font=&#8220;||||||||&#8220; text_font_size=&#8220;16px&#8220; text_line_height=&#8220;2em&#8220; header_font=&#8220;||||||||&#8220; header_font_size=&#8220;29px&#8220; header_2_font=&#8220;Montserrat|300|||||||&#8220; header_2_font_size=&#8220;40px&#8220; header_2_line_height=&#8220;1.4em&#8220; header_5_font=&#8220;||||||||&#8220; header_5_text_color=&#8220;#7f8dff&#8220; header_5_line_height=&#8220;2em&#8220; width=&#8220;100%&#8220; max_width=&#8220;700px&#8220; module_alignment=&#8220;center&#8220; min_height=&#8220;852px&#8220; custom_margin=&#8220;|-74px||-85px|false|false&#8220; custom_padding=&#8220;|0px||0px||&#8220; header_font_size_tablet=&#8220;29px&#8220; header_font_size_phone=&#8220;27px&#8220; header_font_size_last_edited=&#8220;on|phone&#8220; header_2_font_size_tablet=&#8220;&#8220; header_2_font_size_phone=&#8220;30px&#8220; header_2_font_size_last_edited=&#8220;on|phone&#8220; locked=&#8220;off&#8220; global_colors_info=&#8220;{}&#8220;]<\/p>\n<h1 style=\"text-align: center;\"><strong>\u00dcber die Praxisinhaberin <\/strong><\/h1>\n<h5 style=\"text-align: justify;\"><\/h5>\n<p style=\"text-align: justify;\">Mein Name ist Lena Kristin Luks. Ich habe zun\u00e4chst Erziehungs- und Bildungswissenschaften (P\u00e4dagogik) und im Anschluss Klinische Psychologie und Empowerment studiert. Ich vereine damit p\u00e4dagogische sowie psychologische Kenntnisse als Psychologin und P\u00e4dagogin. Des Weiteren habe ich berufsbegleitend eine Ausbildung zur Kinder- und Jugendlichenpsychotherapeutin mit dem Schwerpunkt Verhaltenstherapie absolviert.<\/p>\n<p style=\"text-align: justify;\">Die Arbeit mit Kindern, Jugendlichen und Eltern begeistert mich seit vielen Jahren. Jeden Tag wartet eine neue Herausforderung! Ich begegne Menschen mit offenem Interesse und Neugier, mit l\u00f6sungsfokussierten, lebenswelt-, verhaltensbezogenen sowie st\u00e4rkenorientierten Ans\u00e4tzen und glaube daran, dass jeder Mensch von innen heraus Kr\u00e4fte mobilisieren kann (Resilienz; Glaube).<\/p>\n<p style=\"text-align: justify;\">In unserer Praxis bieten wir Ihnen Diagnostik, Therapie und Beratung bei psychischen Problemen an. Meine psychotherapeutische Arbeit orientiert sich am neuesten wissenschaftlichen Kenntnisstand und an aktuellen Testverfahren.<\/p>\n<p style=\"text-align: justify;\">Mittlerweile habe ich mich auf verschiedene soziale Kompetenztrainings spezialisiert. Elternarbeit geh\u00f6rt ebenso zum Fundament meiner Arbeit. Ich berate Eltern in schwierigen sowie herausfordernden Lebenslagen.<\/p>\n<p style=\"text-align: justify;\">Meinem Team und mir liegt am Herzen, Personen, die zu uns kommen mit gr\u00f6\u00dftem Respekt und Feingef\u00fchl zu begegnen. Wir garantieren Ihnen und Ihren Kindern hohe Vertraulichkeit, offene und ehrliche Wertsch\u00e4tzung sowie intensive Unterst\u00fctzung. Unsere herzliche Atmosph\u00e4re in unserer Praxis l\u00e4dt zum Wohlf\u00fchlen ein und unterst\u00fctzt beim Kennenlernen, beim Aufbau einer soliden Beziehung, beim Erarbeiten gemeinsamer Ziele und W\u00fcnsche. Unsere Therapiehunde Rocky (rechts) und Lilly (links) unterst\u00fctzen dabei!<\/p>\n<p>[\/et_pb_text][\/et_pb_column][et_pb_column type=&#8220;1_3&#8243; _builder_version=&#8220;3.25&#8243; background_color=&#8220;#f7f9fc&#8220; custom_padding=&#8220;40px|60px|40px|60px&#8220; custom_padding_tablet=&#8220;40px|60px|40px|60px&#8220; custom_padding_phone=&#8220;|40px||40px||true&#8220; custom_padding_last_edited=&#8220;on|phone&#8220; global_colors_info=&#8220;{}&#8220; padding_phone=&#8220;|40px||40px||true&#8220; padding_last_edited=&#8220;on|phone&#8220; custom_padding__hover=&#8220;|||&#8220;][et_pb_image src=&#8220;https:\/\/kristin-luks.de\/wp-content\/uploads\/2023\/08\/IMG_7709.jpg&#8220; title_text=&#8220;IMG_7709&#8243; _builder_version=&#8220;4.14.4&#8243; _module_preset=&#8220;default&#8220; custom_margin=&#8220;-38px|||||&#8220; global_colors_info=&#8220;{}&#8220;][\/et_pb_image][et_pb_image src=&#8220;https:\/\/kristin-luks.de\/wp-content\/uploads\/2024\/06\/IMG_3190.jpg&#8220; title_text=&#8220;IMG_3190&#8243; _builder_version=&#8220;4.14.4&#8243; _module_preset=&#8220;default&#8220; global_colors_info=&#8220;{}&#8220;][\/et_pb_image][et_pb_image src=&#8220;https:\/\/kristin-luks.de\/wp-content\/uploads\/2024\/06\/IMG_3244.jpg&#8220; title_text=&#8220;IMG_3244&#8243; _builder_version=&#8220;4.14.4&#8243; _module_preset=&#8220;default&#8220; global_colors_info=&#8220;{}&#8220;][\/et_pb_image][\/et_pb_column][\/et_pb_row][\/et_pb_section]<\/p>\n","protected":false},"excerpt":{"rendered":"<p>\u00dcber die Praxisinhaberin Mein Name ist Lena Kristin Luks. Ich habe zun\u00e4chst Erziehungs- und Bildungswissenschaften (P\u00e4dagogik) und im Anschluss Klinische Psychologie und Empowerment studiert. Ich vereine damit p\u00e4dagogische sowie psychologische Kenntnisse als Psychologin und P\u00e4dagogin. Des Weiteren habe ich berufsbegleitend eine Ausbildung zur Kinder- und Jugendlichenpsychotherapeutin mit dem Schwerpunkt Verhaltenstherapie absolviert. Die Arbeit mit Kindern, [&hellip;]<\/p>\n","protected":false},"author":1,"featured_media":0,"parent":0,"menu_order":0,"comment_status":"closed","ping_status":"closed","template":"","meta":{"_et_pb_use_builder":"on","_et_pb_old_content":"","_et_gb_content_width":"","footnotes":""},"class_list":["post-38","page","type-page","status-publish","hentry"],"_links":{"self":[{"href":"https:\/\/kristin-luks.de\/index.php?rest_route=\/wp\/v2\/pages\/38","targetHints":{"allow":["GET"]}}],"collection":[{"href":"https:\/\/kristin-luks.de\/index.php?rest_route=\/wp\/v2\/pages"}],"about":[{"href":"https:\/\/kristin-luks.de\/index.php?rest_route=\/wp\/v2\/types\/page"}],"author":[{"embeddable":true,"href":"https:\/\/kristin-luks.de\/index.php?rest_route=\/wp\/v2\/users\/1"}],"replies":[{"embeddable":true,"href":"https:\/\/kristin-luks.de\/index.php?rest_route=%2Fwp%2Fv2%2Fcomments&post=38"}],"version-history":[{"count":31,"href":"https:\/\/kristin-luks.de\/index.php?rest_route=\/wp\/v2\/pages\/38\/revisions"}],"predecessor-version":[{"id":785,"href":"https:\/\/kristin-luks.de\/index.php?rest_route=\/wp\/v2\/pages\/38\/revisions\/785"}],"wp:attachment":[{"href":"https:\/\/kristin-luks.de\/index.php?rest_route=%2Fwp%2Fv2%2Fmedia&parent=38"}],"curies":[{"name":"wp","href":"https:\/\/api.w.org\/{rel}","templated":true}]}}