{"id":63,"date":"2021-12-21T17:44:16","date_gmt":"2021-12-21T16:44:16","guid":{"rendered":"https:\/\/kristin-luks.de\/?page_id=63"},"modified":"2024-06-05T15:24:40","modified_gmt":"2024-06-05T13:24:40","slug":"63-2","status":"publish","type":"page","link":"https:\/\/kristin-luks.de\/?page_id=63","title":{"rendered":"Behandlungsschwerpunkte"},"content":{"rendered":"<p>[et_pb_section fb_built=&#8220;1&#8243; next_background_color=&#8220;#ffffff&#8220; _builder_version=&#8220;4.14.4&#8243; background_color_gradient_start=&#8220;rgba(255,255,255,0.85)&#8220; background_color_gradient_end=&#8220;rgba(255,255,255,0.5)&#8220; background_image=&#8220;https:\/\/kristin-luks.de\/wp-content\/uploads\/2021\/12\/IMG_0484-scaled.jpg&#8220; custom_margin=&#8220;||||false&#8220; custom_padding=&#8220;0px||40vw||false|false&#8220; bottom_divider_style=&#8220;wave2&#8243; bottom_divider_height=&#8220;10vw&#8220; animation_style=&#8220;fade&#8220; animation_duration=&#8220;2000ms&#8220; global_colors_info=&#8220;{}&#8220;][\/et_pb_section][et_pb_section fb_built=&#8220;1&#8243; _builder_version=&#8220;4.14.4&#8243; _module_preset=&#8220;default&#8220; global_colors_info=&#8220;{}&#8220;][et_pb_row _builder_version=&#8220;4.14.4&#8243; _module_preset=&#8220;default&#8220; custom_padding=&#8220;||7px|||&#8220; global_colors_info=&#8220;{}&#8220;][et_pb_column type=&#8220;4_4&#8243; _builder_version=&#8220;4.14.4&#8243; _module_preset=&#8220;default&#8220; global_colors_info=&#8220;{}&#8220;][et_pb_text _builder_version=&#8220;4.14.4&#8243; _module_preset=&#8220;default&#8220; transform_scale_tablet=&#8220;&#8220; transform_scale_phone=&#8220;74%|74%&#8220; transform_scale_last_edited=&#8220;on|phone&#8220; transform_translate_tablet=&#8220;&#8220; transform_translate_phone=&#8220;&#8220; transform_translate_last_edited=&#8220;on|phone&#8220; transform_rotate_tablet=&#8220;&#8220; transform_rotate_phone=&#8220;&#8220; transform_rotate_last_edited=&#8220;on|phone&#8220; transform_skew_tablet=&#8220;&#8220; transform_skew_phone=&#8220;&#8220; transform_skew_last_edited=&#8220;on|phone&#8220; transform_origin_tablet=&#8220;&#8220; transform_origin_phone=&#8220;&#8220; transform_origin_last_edited=&#8220;on|phone&#8220; transform_styles_last_edited=&#8220;on|phone&#8220; custom_margin=&#8220;|-99px||-95px||&#8220; custom_padding=&#8220;|||0px||&#8220; transform_styles_tablet=&#8220;&#8220; transform_styles_phone=&#8220;&#8220; global_colors_info=&#8220;{}&#8220;]<\/p>\n<h1 style=\"text-align: center;\"><strong>Behandlungsschwerpunkte<\/strong><\/h1>\n<h3 style=\"text-align: center;\"><span style=\"font-size: x-large;\">(Schwerpunkt Verhaltenstherapie)<\/span><strong><\/strong><\/h3>\n<p>&nbsp;<\/p>\n<p>[\/et_pb_text][\/et_pb_column][\/et_pb_row][et_pb_row column_structure=&#8220;1_3,1_3,1_3&#8243; _builder_version=&#8220;4.14.4&#8243; _module_preset=&#8220;default&#8220; min_height=&#8220;643.5px&#8220; custom_padding=&#8220;0px|||||&#8220; global_colors_info=&#8220;{}&#8220;][et_pb_column type=&#8220;1_3&#8243; _builder_version=&#8220;4.14.4&#8243; _module_preset=&#8220;default&#8220; global_colors_info=&#8220;{}&#8220;][et_pb_image src=&#8220;https:\/\/kristin-luks.de\/wp-content\/uploads\/2023\/08\/IMG_7648.jpg&#8220; title_text=&#8220;IMG_7648&#8243; _builder_version=&#8220;4.14.4&#8243; _module_preset=&#8220;default&#8220; global_colors_info=&#8220;{}&#8220;][\/et_pb_image][et_pb_image src=&#8220;https:\/\/kristin-luks.de\/wp-content\/uploads\/2023\/09\/IMG_8261.jpg&#8220; title_text=&#8220;IMG_8261&#8243; _builder_version=&#8220;4.14.4&#8243; _module_preset=&#8220;default&#8220; global_colors_info=&#8220;{}&#8220;][\/et_pb_image][\/et_pb_column][et_pb_column type=&#8220;1_3&#8243; _builder_version=&#8220;4.14.4&#8243; _module_preset=&#8220;default&#8220; global_colors_info=&#8220;{}&#8220;][et_pb_text _builder_version=&#8220;4.14.4&#8243; _module_preset=&#8220;default&#8220; global_colors_info=&#8220;{}&#8220;]<\/p>\n<ul>\n<li>Depressionen<\/li>\n<li>Aggressives Verhalten<\/li>\n<li>Aufmerksamkeitsst\u00f6rungen (ADHS, ADS)<\/li>\n<li>Angstst\u00f6rungen (Schul\u00e4ngste etc.)<\/li>\n<li>Phobien (Tiere, Spritzen, soziale Angst etc.)<\/li>\n<li>Panik und Agoraphobie<\/li>\n<li>Trennungs\u00e4ngste<\/li>\n<li>Schlafst\u00f6rungen und Alptr\u00e4ume<\/li>\n<li>Einn\u00e4ssen und Einkoten<\/li>\n<li>Soziale Unsicherheiten<\/li>\n<li>Essst\u00f6rungen<\/li>\n<li>Konzentrations- und Lernst\u00f6rungen<\/li>\n<li>Zw\u00e4nge und Tics<\/li>\n<li>K\u00f6rperliche Beschwerden (Bauch-\/Kopfschmerzen etc.)<\/li>\n<li>Anpassungsprobleme (Verluste, Trennung, \u00dcberg\u00e4nge)<\/li>\n<li>Traumata<\/li>\n<li>Entwicklungsst\u00f6rungen<\/li>\n<li>Sexuelle Orientierungsschwierigkeiten<\/li>\n<li>etc.<\/li>\n<\/ul>\n<p>[\/et_pb_text][\/et_pb_column][et_pb_column type=&#8220;1_3&#8243; _builder_version=&#8220;4.14.4&#8243; _module_preset=&#8220;default&#8220; global_colors_info=&#8220;{}&#8220;][et_pb_image src=&#8220;https:\/\/kristin-luks.de\/wp-content\/uploads\/2024\/06\/IMG_3113.jpg&#8220; _builder_version=&#8220;4.14.4&#8243; _module_preset=&#8220;default&#8220; title_text=&#8220;IMG_3113&#8243; hover_enabled=&#8220;0&#8243; sticky_enabled=&#8220;0&#8243;][\/et_pb_image][\/et_pb_column][\/et_pb_row][\/et_pb_section]<\/p>\n","protected":false},"excerpt":{"rendered":"<p>Behandlungsschwerpunkte (Schwerpunkt Verhaltenstherapie) &nbsp; Depressionen Aggressives Verhalten Aufmerksamkeitsst\u00f6rungen (ADHS, ADS) Angstst\u00f6rungen (Schul\u00e4ngste etc.) Phobien (Tiere, Spritzen, soziale Angst etc.) Panik und Agoraphobie Trennungs\u00e4ngste Schlafst\u00f6rungen und Alptr\u00e4ume Einn\u00e4ssen und Einkoten Soziale Unsicherheiten Essst\u00f6rungen Konzentrations- und Lernst\u00f6rungen Zw\u00e4nge und Tics K\u00f6rperliche Beschwerden (Bauch-\/Kopfschmerzen etc.) Anpassungsprobleme (Verluste, Trennung, \u00dcberg\u00e4nge) Traumata Entwicklungsst\u00f6rungen Sexuelle Orientierungsschwierigkeiten etc.<\/p>\n","protected":false},"author":1,"featured_media":0,"parent":0,"menu_order":0,"comment_status":"closed","ping_status":"closed","template":"","meta":{"_et_pb_use_builder":"on","_et_pb_old_content":"","_et_gb_content_width":"","footnotes":""},"class_list":["post-63","page","type-page","status-publish","hentry"],"_links":{"self":[{"href":"https:\/\/kristin-luks.de\/index.php?rest_route=\/wp\/v2\/pages\/63","targetHints":{"allow":["GET"]}}],"collection":[{"href":"https:\/\/kristin-luks.de\/index.php?rest_route=\/wp\/v2\/pages"}],"about":[{"href":"https:\/\/kristin-luks.de\/index.php?rest_route=\/wp\/v2\/types\/page"}],"author":[{"embeddable":true,"href":"https:\/\/kristin-luks.de\/index.php?rest_route=\/wp\/v2\/users\/1"}],"replies":[{"embeddable":true,"href":"https:\/\/kristin-luks.de\/index.php?rest_route=%2Fwp%2Fv2%2Fcomments&post=63"}],"version-history":[{"count":17,"href":"https:\/\/kristin-luks.de\/index.php?rest_route=\/wp\/v2\/pages\/63\/revisions"}],"predecessor-version":[{"id":736,"href":"https:\/\/kristin-luks.de\/index.php?rest_route=\/wp\/v2\/pages\/63\/revisions\/736"}],"wp:attachment":[{"href":"https:\/\/kristin-luks.de\/index.php?rest_route=%2Fwp%2Fv2%2Fmedia&parent=63"}],"curies":[{"name":"wp","href":"https:\/\/api.w.org\/{rel}","templated":true}]}}